{"id":17,"date":"2014-05-14T15:42:32","date_gmt":"2014-05-14T15:42:32","guid":{"rendered":"http:\/\/nbad.wpengine.com\/?page_id=17"},"modified":"2026-04-08T09:55:48","modified_gmt":"2026-04-08T12:55:48","slug":"contact-us","status":"publish","type":"page","link":"https:\/\/www.adnb-nbad.com\/fr\/contact-us\/","title":{"rendered":"Contactez nous"},"content":{"rendered":"<p><strong>Registraire par int\u00e9rim et conseill\u00e8re strat\u00e9gique :<\/strong> Lynn Gaudet, BSc., Dt.P.<\/p>\n<p>Courriel de la registraire : <span style=\"color: #3366ff;\">registrar@adnb-nbad.com<\/span><\/p>\n<p>Association des di\u00e9t\u00e9tistes du Nouveau-Brunswick<br \/>\nPO Box 7344<br \/>\nRPO Jean Coutu<br \/>\nRiverview, N.-B.<br \/>\nE1B 4T9<\/p>\n<p>T\u00e9l\u00e9phone : (506) 386-5903<br \/>\nDemandes d&rsquo;informations g\u00e9n\u00e9rales : <span style=\"color: #3366ff;\">admin@adnb-nbad.com<\/span><\/p>\n<p><strong>Heures de\u00a0bureau :<\/strong><br \/>\nLundi au jeudi 8h30-16h30<\/p>","protected":false},"excerpt":{"rendered":"<p>Registraire par int\u00e9rim et conseill\u00e8re strat\u00e9gique : Lynn Gaudet, BSc., Dt.P. Courriel de la registraire : registrar@adnb-nbad.com Association des di\u00e9t\u00e9tistes du Nouveau-Brunswick PO Box 7344 RPO Jean Coutu Riverview, N.-B. E1B 4T9 T\u00e9l\u00e9phone : (506) 386-5903 Demandes d&rsquo;informations g\u00e9n\u00e9rales : admin@adnb-nbad.com Heures de\u00a0bureau : Lundi au jeudi 8h30-16h30<\/p>\n","protected":false},"author":1,"featured_media":0,"parent":0,"menu_order":0,"comment_status":"open","ping_status":"open","template":"","meta":{"footnotes":""},"class_list":["post-17","page","type-page","status-publish","hentry"],"acf":[],"_links":{"self":[{"href":"https:\/\/www.adnb-nbad.com\/fr\/wp-json\/wp\/v2\/pages\/17","targetHints":{"allow":["GET"]}}],"collection":[{"href":"https:\/\/www.adnb-nbad.com\/fr\/wp-json\/wp\/v2\/pages"}],"about":[{"href":"https:\/\/www.adnb-nbad.com\/fr\/wp-json\/wp\/v2\/types\/page"}],"author":[{"embeddable":true,"href":"https:\/\/www.adnb-nbad.com\/fr\/wp-json\/wp\/v2\/users\/1"}],"replies":[{"embeddable":true,"href":"https:\/\/www.adnb-nbad.com\/fr\/wp-json\/wp\/v2\/comments?post=17"}],"version-history":[{"count":0,"href":"https:\/\/www.adnb-nbad.com\/fr\/wp-json\/wp\/v2\/pages\/17\/revisions"}],"wp:attachment":[{"href":"https:\/\/www.adnb-nbad.com\/fr\/wp-json\/wp\/v2\/media?parent=17"}],"curies":[{"name":"wp","href":"https:\/\/api.w.org\/{rel}","templated":true}]}}