{"id":1856,"date":"2018-07-23T13:36:39","date_gmt":"2018-07-23T13:36:39","guid":{"rendered":"http:\/\/www.adnb-nbad.com\/?page_id=1856"},"modified":"2021-07-21T18:43:41","modified_gmt":"2021-07-21T18:43:41","slug":"media-dietitians","status":"publish","type":"page","link":"https:\/\/www.adnb-nbad.com\/fr\/media-dietitians\/","title":{"rendered":"Di\u00e9t\u00e9tistes pour m\u00e9dias"},"content":{"rendered":"<p>Les di\u00e9t\u00e9tistes immatricul\u00e9es sont des professionnelles de la sant\u00e9 r\u00e9glement\u00e9es et sont responsables de maintenir les plus hautes normes en mati\u00e8re de formation et d&rsquo;\u00e9thique professionnelle. Elles ont re\u00e7u une formation unique pour conseiller les N\u00e9o-Brunswickois sur les aliments, l&rsquo;alimentation et la nutrition et sont de membres importantes de l&rsquo;\u00e9quipe des soins de sant\u00e9.<\/p>\n<p>Pour obtenir la liste de di\u00e9t\u00e9tistes immatricul\u00e9es de la province du Nouveau-Brunswick qui travaillent avec les m\u00e9dias, veuillez cliquer sur le lien suivant : <strong><a href=\"http:\/\/www.adnb-nbad.com\/wp-content\/uploads\/2021\/07\/Media-Dietitian-Directory-July-21-2021.pdf\" target=\"_blank\" rel=\"noopener\">R\u00e9pertoire de di\u00e9t\u00e9tistes pour les m\u00e9dias<\/a><\/strong><\/p>\n<p><em>Les vues et les opinions exprim\u00e9es seront celles de la di\u00e9t\u00e9tiste immatricul\u00e9e et ne repr\u00e9senteront pas celles de l&rsquo;Association des di\u00e9t\u00e9tistes du Nouveau-Brunswick. Si vous avez des questions concernant la r\u00e9glementation de la di\u00e9t\u00e9tique, veuillez envoyer vos questions au registrar@adnb-nbad.com ou president@adnb-nbad.com.<\/em><\/p>","protected":false},"excerpt":{"rendered":"<p>Les di\u00e9t\u00e9tistes immatricul\u00e9es sont des professionnelles de la sant\u00e9 r\u00e9glement\u00e9es et sont responsables de maintenir les plus hautes normes en mati\u00e8re de formation et d&rsquo;\u00e9thique professionnelle. Elles ont re\u00e7u une formation unique pour conseiller les N\u00e9o-Brunswickois sur les aliments, l&rsquo;alimentation et la nutrition et sont de membres importantes de l&rsquo;\u00e9quipe des soins de sant\u00e9. Pour&#8230;<\/p>\n","protected":false},"author":5,"featured_media":0,"parent":0,"menu_order":0,"comment_status":"closed","ping_status":"closed","template":"","meta":{"footnotes":""},"class_list":["post-1856","page","type-page","status-publish","hentry"],"acf":[],"_links":{"self":[{"href":"https:\/\/www.adnb-nbad.com\/fr\/wp-json\/wp\/v2\/pages\/1856","targetHints":{"allow":["GET"]}}],"collection":[{"href":"https:\/\/www.adnb-nbad.com\/fr\/wp-json\/wp\/v2\/pages"}],"about":[{"href":"https:\/\/www.adnb-nbad.com\/fr\/wp-json\/wp\/v2\/types\/page"}],"author":[{"embeddable":true,"href":"https:\/\/www.adnb-nbad.com\/fr\/wp-json\/wp\/v2\/users\/5"}],"replies":[{"embeddable":true,"href":"https:\/\/www.adnb-nbad.com\/fr\/wp-json\/wp\/v2\/comments?post=1856"}],"version-history":[{"count":0,"href":"https:\/\/www.adnb-nbad.com\/fr\/wp-json\/wp\/v2\/pages\/1856\/revisions"}],"wp:attachment":[{"href":"https:\/\/www.adnb-nbad.com\/fr\/wp-json\/wp\/v2\/media?parent=1856"}],"curies":[{"name":"wp","href":"https:\/\/api.w.org\/{rel}","templated":true}]}}