{"id":2217,"date":"2020-02-11T15:51:35","date_gmt":"2020-02-11T15:51:35","guid":{"rendered":"http:\/\/www.adnb-nbad.com\/?page_id=2217"},"modified":"2026-04-29T10:07:55","modified_gmt":"2026-04-29T13:07:55","slug":"job-opportunities","status":"publish","type":"page","link":"https:\/\/www.adnb-nbad.com\/fr\/job-opportunities\/","title":{"rendered":"Opportunit\u00e9s d&#8217;emploi"},"content":{"rendered":"<p><strong>Voici les opportunit\u00e9s d&#8217;emploi disponibles :<\/strong><\/p>\n<p>&nbsp;<\/p>\n<ul>\n<li>le 29 avril 2026 &#8211; La maison de retraite Mill Cove Nursing Home, situ\u00e9e \u00e0 Mill Cove, recherche un(e) di\u00e9t\u00e9tiste immatricul\u00e9e \u00e0 temps partiel\/occasionnel pour rejoindre leur \u00e9quipe. Veuillez <a href=\"http:\/\/www.adnb-nbad.com\/wp-content\/uploads\/2026\/04\/Mill-Cove-Temp-Dietitian-Posting-April-2026.pdf\">cliquez ici<\/a> pour postuler et consulter la description compl\u00e8te du poste. Veuillez noter que l&rsquo;offre d&#8217;emploi est disponible en anglais seulement.<\/li>\n<li>Le 26 fevrier 2026 &#8211; Shannex \u00e0 Miramichi recherche un(e) di\u00e9t\u00e9tiste immatricul\u00e9e &#8211; gestionnaire des services alimentaires \u00e0 temps partiel pour rejoindre leur \u00e9quipe. Veuillez <a href=\"http:\/\/www.adnb-nbad.com\/wp-content\/uploads\/2026\/02\/Shannex-Miramichi-job-posting.pdf\">cliquez ici<\/a> pour postuler et consulter la description compl\u00e8te du poste. Veuillez noter que la description du poste est disponible en anglais seulement.<\/li>\n<li>Le 7 janvier 2026 &#8211; Shannex Thomas Hall et Frederick Hall, \u00e0 Fredericton, recherche un(e) di\u00e9t\u00e9tiste immatricul\u00e9e \u00e0 temps partiel pour rejoindre leur \u00e9quipe. Veuillez <a href=\"https:\/\/shannex.njoyn.com\/CL3\/xweb\/xweb.asp?tbtoken=bVtdRx8XCG0CF3IER1JQCFE7AhFEcCNccEhYWy0ME2JaL0QaW0MSdWJwcgkbURJaSnAqWA%3D%3D&amp;chk=ZVpaShw%3D&amp;clid=57830&amp;Page=JobDetails&amp;Jobid=J0126-0036&amp;BRID=340873&amp;lang=1\">cliquer ici<\/a> pour postuler et consulter la description compl\u00e8te du poste. Veuillez noter que la description du poste est disponible en anglais seulement.<\/li>\n<li>Le 2 octobre 2025 &#8211; Westford Nursing Health Care Inc. recherche un(e) di\u00e9t\u00e9tiste immatricul\u00e9e \u00e0 temps partiel (0,2). Veuillez envoyer votre candidature \u00e0 l&rsquo;adresse \u00e9lectronique suivante : <a href=\"mailto:admin@westfordnursinghome.com\">admin@westfordnursinghome.com<\/a> ou en personne \u00e0 l&rsquo;adresse suivante : 57 rue West Main , Port Elgin, N.-B. E4M 1L7. Pour obtenir une description compl\u00e8te de ce poste, veuillez <a href=\"http:\/\/www.adnb-nbad.com\/wp-content\/uploads\/2025\/10\/Dietitian-posting-for-NBassoc-OCT-2025.docx\">cliquer ici<\/a>. Veuillez noter que la description du poste est disponible en anglais seulement.<\/li>\n<li>Le 12 ao\u00fbt 2025 &#8211; Le Villa des Chutes \/ Falls Villa est \u00e0 la recherche d&rsquo;un(e) di\u00e9t\u00e9tiste et directeur (trice) des services alimentaires et d&rsquo;entretien pour un remplacement d&rsquo;un cong\u00e9 de maternit\u00e9. Le poste est disponible \u00e0 partir de maintenant. Ils acceptent les candidatures jusqu\u2019au 22 ao\u00fbt 2025. S\u2019il-vous-plait, faire parvenir votre demande d\u2019emploi au courriel suivant : <a href=\"mailto:dg@villadeschutes.ca\">dg@villadeschutes.ca<\/a> ou en personne au : 433 rue \u00c9vangeline, Grand-Sault, NB E3Y 0A9.\u00a0<a class=\"cursor-pointer\" rel=\"noopener\" data-start=\"118\" data-end=\"139\">Veuillez consulter la description compl\u00e8te en <\/a><a href=\"http:\/\/www.adnb-nbad.com\/wp-content\/uploads\/2025\/08\/Offre-demploi-dietetiste-Villa-Chutes.pdf\" target=\"_blank\" rel=\"noopener\">cliquant ici<\/a><a class=\"cursor-pointer\" rel=\"noopener\" data-start=\"118\" data-end=\"139\">. Notez que la description est seulement disponible en fran\u00e7ais. Un(e) candidat(e) bilingue est un atout.<\/a><\/li>\n<li style=\"text-align: left;\">Shannex est \u00e0 la recherche d\u2019un(e) di\u00e9t\u00e9tiste autoris\u00e9(e) \u00e0 temps partiel permanent (0,6 ETP) pour se joindre aux \u00e9quipes de Thomas Hall et Frederick Hall \u00e0 Fredericton, au Nouveau-Brunswick. Le poste consiste \u00e0 \u00e9valuer les besoins nutritionnels des r\u00e9sidents, \u00e9laborer des menus th\u00e9rapeutiques, r\u00e9pondre aux pr\u00e9occupations alimentaires et offrir de la formation. Le ou la candidat(e) id\u00e9al(e) poss\u00e8de un baccalaur\u00e9at en nutrition, d\u2019excellentes comp\u00e9tences en communication et, de pr\u00e9f\u00e9rence, une exp\u00e9rience en soins de longue dur\u00e9e. Shannex offre un environnement de travail collaboratif avec des avantages concurrentiels, incluant une assurance sant\u00e9, un programme de REER avec contribution de l\u2019employeur, et des possibilit\u00e9s de d\u00e9veloppement professionnel. Les candidatures peuvent \u00eatre envoy\u00e9es \u00e0 la chef de l\u2019\u00e9quipe de recrutement, Jessica Petrocco, \u00e0 l\u2019adresse suivante: <a class=\"cursor-pointer\" rel=\"noopener\" data-start=\"118\" data-end=\"139\">jpetrocco@shannex.com. Veuillez consulter la description compl\u00e8te en <\/a><a href=\"http:\/\/www.adnb-nbad.com\/wp-content\/uploads\/2025\/07\/2025-07-28-Registered-Dietitian-Job-Description-Shannex.pdf\">cliquant ici<\/a><a class=\"cursor-pointer\" rel=\"noopener\" data-start=\"118\" data-end=\"139\">.<\/a><\/li>\n<li>Lincourt Manor Inc. est actuellement \u00e0 la recherche d\u2019un(e) di\u00e9t\u00e9ticien(ne)\/gestionnaire de l\u2019environnement pour son \u00e9tablissement situ\u00e9 \u00e0 St. Stephen, NB. Ce poste comprend la gestion globale des services alimentaires, de l\u2019entretien m\u00e9nager et de la buanderie, tout en mettant l\u2019accent sur l\u2019\u00e9laboration d\u2019objectifs et de plans. Veuillez consulter la description compl\u00e8te en <a href=\"https:\/\/ca.indeed.com\/viewjob?jk=809d35349eccd70c&amp;from=shareddesktop_copy\">cliquant ici.<\/a><\/li>\n<\/ul>\n<p>&nbsp;<\/p>","protected":false},"excerpt":{"rendered":"<p>Voici les opportunit\u00e9s d&#8217;emploi disponibles : &nbsp; le 29 avril 2026 &#8211; La maison de retraite Mill Cove Nursing Home, situ\u00e9e \u00e0 Mill Cove, recherche un(e) di\u00e9t\u00e9tiste immatricul\u00e9e \u00e0 temps partiel\/occasionnel pour rejoindre leur \u00e9quipe. Veuillez cliquez ici pour postuler et consulter la description compl\u00e8te du poste. Veuillez noter que l&rsquo;offre d&#8217;emploi est disponible en&#8230;<\/p>\n","protected":false},"author":5,"featured_media":0,"parent":0,"menu_order":0,"comment_status":"closed","ping_status":"closed","template":"","meta":{"footnotes":""},"class_list":["post-2217","page","type-page","status-publish","hentry"],"acf":[],"_links":{"self":[{"href":"https:\/\/www.adnb-nbad.com\/fr\/wp-json\/wp\/v2\/pages\/2217","targetHints":{"allow":["GET"]}}],"collection":[{"href":"https:\/\/www.adnb-nbad.com\/fr\/wp-json\/wp\/v2\/pages"}],"about":[{"href":"https:\/\/www.adnb-nbad.com\/fr\/wp-json\/wp\/v2\/types\/page"}],"author":[{"embeddable":true,"href":"https:\/\/www.adnb-nbad.com\/fr\/wp-json\/wp\/v2\/users\/5"}],"replies":[{"embeddable":true,"href":"https:\/\/www.adnb-nbad.com\/fr\/wp-json\/wp\/v2\/comments?post=2217"}],"version-history":[{"count":0,"href":"https:\/\/www.adnb-nbad.com\/fr\/wp-json\/wp\/v2\/pages\/2217\/revisions"}],"wp:attachment":[{"href":"https:\/\/www.adnb-nbad.com\/fr\/wp-json\/wp\/v2\/media?parent=2217"}],"curies":[{"name":"wp","href":"https:\/\/api.w.org\/{rel}","templated":true}]}}