{"id":239,"date":"2014-05-22T01:36:56","date_gmt":"2014-05-22T01:36:56","guid":{"rendered":"http:\/\/nbad.wpengine.com\/?page_id=239"},"modified":"2026-01-08T15:06:21","modified_gmt":"2026-01-08T18:06:21","slug":"membership-renewal","status":"publish","type":"page","link":"https:\/\/www.adnb-nbad.com\/fr\/membership-renewal\/","title":{"rendered":"Renouvellement d&rsquo;immatriculation"},"content":{"rendered":"<p>La p\u00e9riode de renouvellement d&rsquo;immatriculation est ouverte du 1er mars au 31 mars de chaque ann\u00e9e. Pour acc\u00e9der \u00e0 votre compte membre ADNB, cliquez sur le <span style=\"color: #ff0000;\">bouton rouge nomm\u00e9 <span lang=\"EN-GB\">\u00ab<\/span>Acc\u00e8s membre<span lang=\"EN-GB\">\u00bb <span style=\"color: #000000;\">\u00e0 partir du site Web de l&rsquo;ADNB et suivez le directives du <a href=\"http:\/\/www.adnb-nbad.com\/wp-content\/uploads\/2026\/01\/Guide-de-renouvellement_Revise-Janv-2026_FR.pdf\">Guide de renouvellement<\/a>.<\/span><\/span><\/span><\/p>\n<p>Tous les certificats d&rsquo;immatriculation expirent le <strong>31 mars<\/strong>, alors vous devez renouveler votre immatriculation avant 23 h 59 heure normale de l&rsquo;Atlantique (HNA) le 31 mars de chaque ann\u00e9e.<\/p>\n<p><span style=\"color: #339966;\"><strong>Voici ce qu&rsquo;il vous faut pour renouveler votre immatriculation :<\/strong><\/span><\/p>\n<ul>\n<li>votre Manuel du membre du Programme de perfectionnement des comp\u00e9tences<\/li>\n<li>les renseignements sur votre employeur actuel;<\/li>\n<li>le paiement de vos droits d&rsquo;immatriculation annuels;<\/li>\n<\/ul>\n<p><span style=\"color: #339966;\"><strong>Non-conformit\u00e9 aux exigences de renouvellement :<\/strong><\/span><\/p>\n<p>Apr\u00e8s 23 h 59 HNA le 31 mars de chaque ann\u00e9e, toutes les membres dont le renouvellement est en retard (plan d&rsquo;apprentissage PPC, mise \u00e0 jour du profil, mise \u00e0 jour relative de la pratique et\/ou paiement des droits) feront l&rsquo;objet d&rsquo;une suspension. <span style=\"color: #ff0000;\"><strong>Toute membre active ou membre provisoire qui a \u00e9t\u00e9 suspendue doit payer des droits de r\u00e9int\u00e9gration de 505 $ en plus du co\u00fbt de renouvellement de 505 $. Toute membre retir\u00e9e qui a \u00e9t\u00e9 suspendue doit payer des droits de r\u00e9int\u00e9gration de 25 $ en plus du co\u00fbt de renouvellement de 170 $.<\/strong><\/span><\/p>\n<p>L&rsquo;ADNB envoie une lettre aux personnes dont l&rsquo;immatriculation est suspendue. Le 1er avril de chaque ann\u00e9e, la registraire informe le plus r\u00e9cent employeur inscrit au dossier du membre que la membre en question a omis de renouveler son immatriculation et que celle-ci est suspendue.<\/p>\n<hr \/>\n<p><span style=\"color: #339966;\"><b>\u00a0Mode de paiement pour le renouvellement<\/b><\/span><\/p>\n<p>Veuillez prendre note des changements suivants concernant le mode de paiement. Pour le renouvellement 2026, le seul mode de paiement des frais d\u2019inscription sera d\u00e9sormais par carte de cr\u00e9dit. Cela signifie que NBAD n&rsquo;accepte plus les ch\u00e8ques ou les virements \u00e9lectroniques comme mode de paiement pour le renouvellement de l&rsquo;inscription.<\/p>\n<p>Si, pour une raison quelconque, vous n\u2019\u00eates pas en mesure de payer vos frais d&rsquo;inscription par carte de cr\u00e9dit, veuillez communiquer avec nous \u00e0 <span style=\"text-decoration: underline;\"><span style=\"color: #0000ff; text-decoration: underline;\">admin@adnb-nbad.com<\/span><\/span>.<\/p>\n<p>Un petit rappel que l&rsquo;inscription et le paiement doivent \u00eatre re\u00e7us chaque ann\u00e9e au plus tard le 31 mars \u00e0 23 h 59 HNA. Apr\u00e8s cette date limite, le paiement est consid\u00e9r\u00e9 en retard et non conforme aux r\u00e8glements administratifs de l&rsquo;ADNB; l&rsquo;immatriculation sera suspendue et le paiement des frais de r\u00e9int\u00e9gration sera exig\u00e9.<\/p>\n<p><i><span style=\"margin: 0px; font-family: 'Trebuchet MS',sans-serif;\">\u00a0<\/span><\/i><\/p>","protected":false},"excerpt":{"rendered":"<p>La p\u00e9riode de renouvellement d&rsquo;immatriculation est ouverte du 1er mars au 31 mars de chaque ann\u00e9e. Pour acc\u00e9der \u00e0 votre compte membre ADNB, cliquez sur le bouton rouge nomm\u00e9 \u00abAcc\u00e8s membre\u00bb \u00e0 partir du site Web de l&rsquo;ADNB et suivez le directives du Guide de renouvellement. Tous les certificats d&rsquo;immatriculation expirent le 31 mars, alors&#8230;<\/p>\n","protected":false},"author":1,"featured_media":0,"parent":0,"menu_order":0,"comment_status":"open","ping_status":"closed","template":"","meta":{"footnotes":""},"class_list":["post-239","page","type-page","status-publish","hentry"],"acf":[],"_links":{"self":[{"href":"https:\/\/www.adnb-nbad.com\/fr\/wp-json\/wp\/v2\/pages\/239","targetHints":{"allow":["GET"]}}],"collection":[{"href":"https:\/\/www.adnb-nbad.com\/fr\/wp-json\/wp\/v2\/pages"}],"about":[{"href":"https:\/\/www.adnb-nbad.com\/fr\/wp-json\/wp\/v2\/types\/page"}],"author":[{"embeddable":true,"href":"https:\/\/www.adnb-nbad.com\/fr\/wp-json\/wp\/v2\/users\/1"}],"replies":[{"embeddable":true,"href":"https:\/\/www.adnb-nbad.com\/fr\/wp-json\/wp\/v2\/comments?post=239"}],"version-history":[{"count":0,"href":"https:\/\/www.adnb-nbad.com\/fr\/wp-json\/wp\/v2\/pages\/239\/revisions"}],"wp:attachment":[{"href":"https:\/\/www.adnb-nbad.com\/fr\/wp-json\/wp\/v2\/media?parent=239"}],"curies":[{"name":"wp","href":"https:\/\/api.w.org\/{rel}","templated":true}]}}