{"id":2577,"date":"2020-10-30T16:31:59","date_gmt":"2020-10-30T16:31:59","guid":{"rendered":"http:\/\/www.adnb-nbad.com\/?page_id=2577"},"modified":"2022-04-01T15:58:20","modified_gmt":"2022-04-01T15:58:20","slug":"quality-assurance-policies","status":"publish","type":"page","link":"https:\/\/www.adnb-nbad.com\/fr\/quality-assurance-policies\/","title":{"rendered":"Politiques d&rsquo;assurance de la qualit\u00e9"},"content":{"rendered":"<p><strong>8. Assurance de la qualit\u00e9<\/strong><\/p>\n<p><em><strong><a href=\"http:\/\/www.adnb-nbad.com\/wp-content\/uploads\/2021\/10\/8.1-Quality-Assurance-Program-FR.pdf\" target=\"_blank\" rel=\"noopener\">8.1 Assurance de la qualit\u00e9 &#8211; Programme de perfectionnement des comp\u00e9tences<\/a><\/strong><br \/>\n<a href=\"http:\/\/www.adnb-nbad.com\/wp-content\/uploads\/2022\/04\/8.1.1-Continuing-Competence-Program-Audit-FR.pdf\" target=\"_blank\" rel=\"noopener noreferrer\">8.1.1 V\u00e9rifications dans le cadre du Programme de perfectionnement des comp\u00e9tences<\/a><br \/>\n<a href=\"http:\/\/www.adnb-nbad.com\/wp-content\/uploads\/2022\/04\/8.1.2-Evaluation-of-Continuing-Competence-Program-Portfolio-FR.pdf\" target=\"_blank\" rel=\"noopener noreferrer\">8.1.2 \u00c9valuation des portfolios du Programme de perfectionnement des comp\u00e9tences<\/a><br \/>\n<a href=\"http:\/\/www.adnb-nbad.com\/wp-content\/uploads\/2022\/04\/8.1.3-Nonparticipation-of-the-Quality-Assurance-Program-FR.pdf\" target=\"_blank\" rel=\"noopener noreferrer\">8.1.3 Non-participation au Programme de perfectionnement des comp\u00e9tences<\/a><br \/>\n<\/em><\/p>\n<p><strong>8.2 Dossiers de formation continue<\/strong><em><strong><br \/>\n<\/strong><a href=\"http:\/\/www.adnb-nbad.com\/wp-content\/uploads\/2020\/10\/8.2-Record-Keeping-of-the-Continuing-Competence-Program-FR.pdf\" target=\"_blank\" rel=\"noopener noreferrer\">8.2 Tenue des dossiers du Programme de perfectionnement des comp\u00e9tences<\/a><br \/>\n<\/em><\/p>\n<p><strong>8.3<\/strong><span class=\"tag_lemma\"><strong> D<b class=\"b5\">emandes<\/b><b class=\"b4\">\u00a0de<\/b><b class=\"b3\">\u00a0prolongation<\/b><\/strong><\/span><em><span class=\"tag_lemma\"><br \/>\n<\/span><a href=\"http:\/\/www.adnb-nbad.com\/wp-content\/uploads\/2020\/10\/8.3.1-Request-for-Extension-of-Submission-of-Continuing-Competence-Program-FR.pdf\" target=\"_blank\" rel=\"noopener noreferrer\">8.3.1 Demande de prolongation de la p\u00e9riode accord\u00e9e pour la soumission du dossier du Programme de perfectionnement des comp\u00e9tences<\/a><strong><br \/>\n<\/strong><a href=\"http:\/\/www.adnb-nbad.com\/wp-content\/uploads\/2020\/10\/8.3.2-Request-for-Extension-of-Continuing-Competence-Program-Portfolio-for-Audit-FR.pdf\" target=\"_blank\" rel=\"noopener noreferrer\">8.3.2 Demande de prolongation de la p\u00e9riode accord\u00e9e pour la soumission du dossier du Programme de perfectionnement des comp\u00e9tences aux fins de v\u00e9rification<\/a><br \/>\n<\/em><\/p>","protected":false},"excerpt":{"rendered":"<p>8. Assurance de la qualit\u00e9 8.1 Assurance de la qualit\u00e9 &#8211; Programme de perfectionnement des comp\u00e9tences 8.1.1 V\u00e9rifications dans le cadre du Programme de perfectionnement des comp\u00e9tences 8.1.2 \u00c9valuation des portfolios du Programme de perfectionnement des comp\u00e9tences 8.1.3 Non-participation au Programme de perfectionnement des comp\u00e9tences 8.2 Dossiers de formation continue 8.2 Tenue des dossiers du&#8230;<\/p>\n","protected":false},"author":5,"featured_media":0,"parent":0,"menu_order":0,"comment_status":"closed","ping_status":"closed","template":"","meta":{"footnotes":""},"class_list":["post-2577","page","type-page","status-publish","hentry"],"acf":[],"_links":{"self":[{"href":"https:\/\/www.adnb-nbad.com\/fr\/wp-json\/wp\/v2\/pages\/2577","targetHints":{"allow":["GET"]}}],"collection":[{"href":"https:\/\/www.adnb-nbad.com\/fr\/wp-json\/wp\/v2\/pages"}],"about":[{"href":"https:\/\/www.adnb-nbad.com\/fr\/wp-json\/wp\/v2\/types\/page"}],"author":[{"embeddable":true,"href":"https:\/\/www.adnb-nbad.com\/fr\/wp-json\/wp\/v2\/users\/5"}],"replies":[{"embeddable":true,"href":"https:\/\/www.adnb-nbad.com\/fr\/wp-json\/wp\/v2\/comments?post=2577"}],"version-history":[{"count":0,"href":"https:\/\/www.adnb-nbad.com\/fr\/wp-json\/wp\/v2\/pages\/2577\/revisions"}],"wp:attachment":[{"href":"https:\/\/www.adnb-nbad.com\/fr\/wp-json\/wp\/v2\/media?parent=2577"}],"curies":[{"name":"wp","href":"https:\/\/api.w.org\/{rel}","templated":true}]}}