{"id":2584,"date":"2020-10-30T17:26:48","date_gmt":"2020-10-30T17:26:48","guid":{"rendered":"http:\/\/www.adnb-nbad.com\/?page_id=2584"},"modified":"2022-04-01T16:03:04","modified_gmt":"2022-04-01T16:03:04","slug":"ccp-audit","status":"publish","type":"page","link":"https:\/\/www.adnb-nbad.com\/fr\/ccp-audit\/","title":{"rendered":"V\u00e9rification du PPC"},"content":{"rendered":"<p>Chaque ann\u00e9e, 20 % des membres actives et provisoires sont choisies au hasard pour la v\u00e9rification de leur soumission du Programme de perfectionnement des comp\u00e9tences (PPC).<\/p>\n<p>Veuillez lire attentivement le r\u00e9sum\u00e9 du processus de la v\u00e9rification conform\u00e9ment \u00e0 la <a href=\"http:\/\/www.adnb-nbad.com\/wp-content\/uploads\/2022\/04\/8.1.1-Continuing-Competence-Program-Audit-FR.pdf\" target=\"_blank\" rel=\"noopener noreferrer\">politique 8.1.1<\/a>\u00a0de l&rsquo;ADNB :<\/p>\n<ol>\n<li>Les membres choisies pour la v\u00e9rification re\u00e7oivent un avis par courriel le <strong>1 avril<\/strong> indiquant que leur dossier du PPC fera l&rsquo;objet d&rsquo;une v\u00e9rification.<\/li>\n<li>Les membres sont tenues de soumettre leur dossier du PPC au plus tard le <strong>1 mai<\/strong>. La soumission doit comprendre les documents exig\u00e9s pour le PPC de l&rsquo;ann\u00e9e vis\u00e9e par la v\u00e9rification.<\/li>\n<li>Le comit\u00e9 d&rsquo;assurance de la qualit\u00e9 examine les soumissions du PPC conform\u00e9ment \u00e0 la <a href=\"http:\/\/www.adnb-nbad.com\/wp-content\/uploads\/2022\/04\/8.1.2-Evaluation-of-Continuing-Competence-Program-Portfolio-FR.pdf\" target=\"_blank\" rel=\"noopener noreferrer\">politique 8.1.2<\/a> et la registraire fait \u00e9tat des r\u00e9sultats aux membres concern\u00e9es au plus tard le <strong>31 mai<\/strong>.<\/li>\n<li>Si le comit\u00e9 d&rsquo;assurance de la qualit\u00e9 demande \u00e0 une membre de modifier sa soumission ou d&rsquo;y ajouter de la documentation, la membre fera le n\u00e9cessaire dans les <strong>deux semaines<\/strong> suivant la demande.<\/li>\n<li>Les membres faisant l&rsquo;objet d&rsquo;une v\u00e9rification ont droit au mentorat continu d&rsquo;une membre d\u00e9sign\u00e9e du comit\u00e9 d&rsquo;assurance de la qualit\u00e9 pour les aider \u00e0 mener \u00e0 bien ce processus selon le besoin.<\/li>\n<li>Le processus de v\u00e9rification prend fin le <strong>1 juillet<\/strong>, sauf dans les cas o\u00f9 la membre est renvoy\u00e9e \u00e0 la registraire en raison d&rsquo;une non-participation ou d&rsquo;une prolongation.<\/li>\n<\/ol>\n<hr \/>\n<p><strong><span style=\"color: #339966;\">Conservation de la documentation justificative<\/span><\/strong><br \/>\nL&rsquo;ADNB peut demander de revoir la documentation justificative d&rsquo;une membre \u00e0 tout moment. Les membres doivent conserver ces documents pour <strong>un minimum de cinq ans<\/strong> et elles sont responsables pour la conservation de leurs documents.<\/p>\n<hr \/>\n<p>R\u00e9sultats de la v\u00e9rification<\/p>\n<p>Le sommaire de la v\u00e9rification PPC pour l&rsquo;ann\u00e9e 2019-2020 peut \u00eatre consult\u00e9 <strong><a href=\"http:\/\/www.adnb-nbad.com\/wp-content\/uploads\/2021\/12\/2021-Verification-Sommaire_9Dec2021.pdf\" target=\"_blank\" rel=\"noopener\">ici.<\/a><\/strong><\/p>","protected":false},"excerpt":{"rendered":"<p>Chaque ann\u00e9e, 20 % des membres actives et provisoires sont choisies au hasard pour la v\u00e9rification de leur soumission du Programme de perfectionnement des comp\u00e9tences (PPC). Veuillez lire attentivement le r\u00e9sum\u00e9 du processus de la v\u00e9rification conform\u00e9ment \u00e0 la politique 8.1.1\u00a0de l&rsquo;ADNB : Les membres choisies pour la v\u00e9rification re\u00e7oivent un avis par courriel le&#8230;<\/p>\n","protected":false},"author":5,"featured_media":0,"parent":0,"menu_order":0,"comment_status":"closed","ping_status":"closed","template":"","meta":{"footnotes":""},"class_list":["post-2584","page","type-page","status-publish","hentry"],"acf":[],"_links":{"self":[{"href":"https:\/\/www.adnb-nbad.com\/fr\/wp-json\/wp\/v2\/pages\/2584","targetHints":{"allow":["GET"]}}],"collection":[{"href":"https:\/\/www.adnb-nbad.com\/fr\/wp-json\/wp\/v2\/pages"}],"about":[{"href":"https:\/\/www.adnb-nbad.com\/fr\/wp-json\/wp\/v2\/types\/page"}],"author":[{"embeddable":true,"href":"https:\/\/www.adnb-nbad.com\/fr\/wp-json\/wp\/v2\/users\/5"}],"replies":[{"embeddable":true,"href":"https:\/\/www.adnb-nbad.com\/fr\/wp-json\/wp\/v2\/comments?post=2584"}],"version-history":[{"count":0,"href":"https:\/\/www.adnb-nbad.com\/fr\/wp-json\/wp\/v2\/pages\/2584\/revisions"}],"wp:attachment":[{"href":"https:\/\/www.adnb-nbad.com\/fr\/wp-json\/wp\/v2\/media?parent=2584"}],"curies":[{"name":"wp","href":"https:\/\/api.w.org\/{rel}","templated":true}]}}