{"id":2661,"date":"2021-01-12T20:17:11","date_gmt":"2021-01-12T20:17:11","guid":{"rendered":"http:\/\/www.adnb-nbad.com\/?page_id=2661"},"modified":"2026-04-20T10:49:03","modified_gmt":"2026-04-20T13:49:03","slug":"position-statements-and-guidelines","status":"publish","type":"page","link":"https:\/\/www.adnb-nbad.com\/fr\/position-statements-and-guidelines\/","title":{"rendered":"\u00c9nonc\u00e9s de position et lignes directrices"},"content":{"rendered":"<p><b><span style=\"color: #0b0110;\"><span style=\"color: #339966;\">Dysphagie :<br \/>\n<\/span><\/span><\/b>&#8211; <a href=\"http:\/\/www.adnb-nbad.com\/wp-content\/uploads\/2020\/10\/NBAD-Dysphagia-Competencies-FR-Sept-17-2020.pdf\" target=\"_blank\" rel=\"noopener noreferrer\">Comp\u00e9tences en \u00e9valuation et gestion de la dysphagie dans l&rsquo;exercice de la di\u00e9t\u00e9tique (mise \u00e0 jour septembre 2020)<\/a><br \/>\n&#8211; <a href=\"http:\/\/www.adnb-nbad.com\/wp-content\/uploads\/2020\/10\/Dysphagia-QandA-Sept-2020-FR.pdf\" target=\"_blank\" rel=\"noopener noreferrer\">Dysphagie questions et r\u00e9ponses (septembre 2020)<\/a><\/p>\n<p><span style=\"color: #339966;\"><strong>Pratique interjuridictionnelle :<\/strong><\/span><br \/>\n&#8211;<a href=\"http:\/\/www.adnb-nbad.com\/wp-content\/uploads\/2026\/04\/Cross-Border-Dietetic-Practice-Position-Statement-FR_16April2026.pdf\">\u00c9nonc\u00e9 de position sur la pratique interjuridictionnelle de la di\u00e9t\u00e9tique<\/a> (mise \u00e0 jour le 16 avril 2026)<\/p>\n<p><b><span style=\"color: #0b0110;\">\u00a0<\/span><\/b><\/p>","protected":false},"excerpt":{"rendered":"<p>Dysphagie : &#8211; Comp\u00e9tences en \u00e9valuation et gestion de la dysphagie dans l&rsquo;exercice de la di\u00e9t\u00e9tique (mise \u00e0 jour septembre 2020) &#8211; Dysphagie questions et r\u00e9ponses (septembre 2020) Pratique interjuridictionnelle : &#8211;\u00c9nonc\u00e9 de position sur la pratique interjuridictionnelle de la di\u00e9t\u00e9tique (mise \u00e0 jour le 16 avril 2026) \u00a0<\/p>\n","protected":false},"author":5,"featured_media":0,"parent":0,"menu_order":0,"comment_status":"closed","ping_status":"closed","template":"","meta":{"footnotes":""},"class_list":["post-2661","page","type-page","status-publish","hentry"],"acf":[],"_links":{"self":[{"href":"https:\/\/www.adnb-nbad.com\/fr\/wp-json\/wp\/v2\/pages\/2661","targetHints":{"allow":["GET"]}}],"collection":[{"href":"https:\/\/www.adnb-nbad.com\/fr\/wp-json\/wp\/v2\/pages"}],"about":[{"href":"https:\/\/www.adnb-nbad.com\/fr\/wp-json\/wp\/v2\/types\/page"}],"author":[{"embeddable":true,"href":"https:\/\/www.adnb-nbad.com\/fr\/wp-json\/wp\/v2\/users\/5"}],"replies":[{"embeddable":true,"href":"https:\/\/www.adnb-nbad.com\/fr\/wp-json\/wp\/v2\/comments?post=2661"}],"version-history":[{"count":0,"href":"https:\/\/www.adnb-nbad.com\/fr\/wp-json\/wp\/v2\/pages\/2661\/revisions"}],"wp:attachment":[{"href":"https:\/\/www.adnb-nbad.com\/fr\/wp-json\/wp\/v2\/media?parent=2661"}],"curies":[{"name":"wp","href":"https:\/\/api.w.org\/{rel}","templated":true}]}}