{"id":71,"date":"2014-05-15T17:25:07","date_gmt":"2014-05-15T17:25:07","guid":{"rendered":"http:\/\/nbad.wpengine.com\/?page_id=71"},"modified":"2026-04-07T14:00:52","modified_gmt":"2026-04-07T17:00:52","slug":"board-members","status":"publish","type":"page","link":"https:\/\/www.adnb-nbad.com\/fr\/about-us\/board-members\/","title":{"rendered":"Conseil d&rsquo;administration"},"content":{"rendered":"<p><\/p>\n<h2>Conseil d&rsquo;administration de l&rsquo;ADNB 2025 &#8211; 2026 :<\/h2>\n<ul>\n<li><strong>Pr\u00e9sidente :<\/strong> Esther Adsett, Dt.I.<\/li>\n<li><strong>Pr\u00e9sidente d\u00e9sign\u00e9e\u00a0:<\/strong> St\u00e9phanie Couturier, Dt.I.<\/li>\n<li><strong>Pr\u00e9sidente sortante\u00a0:<\/strong> Christine Roherty, Dt.I.<\/li>\n<li><strong>Secr\u00e9taire : <\/strong>Ian Wiseman, Dt.I.<strong><br \/>\n<\/strong><\/li>\n<li><strong>Tr\u00e9sori\u00e8re\u00a0:<\/strong> Jasmine Leask, Dt.I.<\/li>\n<li><strong>Membre g\u00e9n\u00e9rale : <\/strong>Genevi\u00e8ve Daigle, Dt.I<\/li>\n<li><strong>Membre g\u00e9n\u00e9rale : <\/strong>Johanna McLeod, Dt.I.<\/li>\n<li><strong>Membre repr\u00e9sentant du public : <\/strong>Emily Gaunce<\/li>\n<li><strong>Registraire par int\u00e9rim et conseill\u00e8re strat\u00e9gique : <\/strong>Lynn Gaudet, BSc., Dt.P.<\/li>\n<li><strong>Repr\u00e9sentante \u00e0 l&rsquo;Alliance Canadienne des organismes de r\u00e9glementation des di\u00e9t\u00e9tistes : <\/strong>Lynn Gaudet, BSc., Dt.P.<\/li>\n<\/ul>\n<p><\/p>","protected":false},"excerpt":{"rendered":"<p>Conseil d&rsquo;administration de l&rsquo;ADNB 2025 &#8211; 2026 : Pr\u00e9sidente : Esther Adsett, Dt.I. Pr\u00e9sidente d\u00e9sign\u00e9e\u00a0: St\u00e9phanie Couturier, Dt.I. Pr\u00e9sidente sortante\u00a0: Christine Roherty, Dt.I. Secr\u00e9taire : Ian Wiseman, Dt.I. Tr\u00e9sori\u00e8re\u00a0: Jasmine Leask, Dt.I. Membre g\u00e9n\u00e9rale : Genevi\u00e8ve Daigle, Dt.I Membre g\u00e9n\u00e9rale : Johanna McLeod, Dt.I. Membre repr\u00e9sentant du public : Emily Gaunce Registraire par int\u00e9rim et&#8230;<\/p>\n","protected":false},"author":1,"featured_media":0,"parent":7,"menu_order":0,"comment_status":"open","ping_status":"open","template":"","meta":{"footnotes":""},"class_list":["post-71","page","type-page","status-publish","hentry"],"acf":[],"_links":{"self":[{"href":"https:\/\/www.adnb-nbad.com\/fr\/wp-json\/wp\/v2\/pages\/71","targetHints":{"allow":["GET"]}}],"collection":[{"href":"https:\/\/www.adnb-nbad.com\/fr\/wp-json\/wp\/v2\/pages"}],"about":[{"href":"https:\/\/www.adnb-nbad.com\/fr\/wp-json\/wp\/v2\/types\/page"}],"author":[{"embeddable":true,"href":"https:\/\/www.adnb-nbad.com\/fr\/wp-json\/wp\/v2\/users\/1"}],"replies":[{"embeddable":true,"href":"https:\/\/www.adnb-nbad.com\/fr\/wp-json\/wp\/v2\/comments?post=71"}],"version-history":[{"count":0,"href":"https:\/\/www.adnb-nbad.com\/fr\/wp-json\/wp\/v2\/pages\/71\/revisions"}],"up":[{"embeddable":true,"href":"https:\/\/www.adnb-nbad.com\/fr\/wp-json\/wp\/v2\/pages\/7"}],"wp:attachment":[{"href":"https:\/\/www.adnb-nbad.com\/fr\/wp-json\/wp\/v2\/media?parent=71"}],"curies":[{"name":"wp","href":"https:\/\/api.w.org\/{rel}","templated":true}]}}